{"id":15172,"date":"2023-08-29T09:19:52","date_gmt":"2023-08-29T07:19:52","guid":{"rendered":"https:\/\/humboldt-greifswald.de\/web\/?page_id=15172"},"modified":"2025-07-10T01:53:40","modified_gmt":"2025-07-09T23:53:40","slug":"juniorstudium","status":"publish","type":"page","link":"https:\/\/humboldt-greifswald.de\/web\/juniorstudium\/","title":{"rendered":"Juniorstudium"},"content":{"rendered":"\t\t<div data-elementor-type=\"wp-page\" data-elementor-id=\"15172\" class=\"elementor elementor-15172\">\n\t\t\t\t<div class=\"elementor-element elementor-element-8383bc7 e-flex e-con-boxed e-con e-parent\" data-id=\"8383bc7\" data-element_type=\"container\" data-e-type=\"container\">\n\t\t\t\t\t<div class=\"e-con-inner\">\n\t\t\t\t<div class=\"elementor-element elementor-element-7e32445 elementor-position-left elementor-vertical-align-middle elementor-widget elementor-widget-image-box\" data-id=\"7e32445\" data-element_type=\"widget\" data-e-type=\"widget\" data-widget_type=\"image-box.default\">\n\t\t\t\t<div class=\"elementor-widget-container\">\n\t\t\t\t\t<div class=\"elementor-image-box-wrapper\"><figure class=\"elementor-image-box-img\"><img fetchpriority=\"high\" decoding=\"async\" width=\"1920\" height=\"1280\" src=\"https:\/\/humboldt-greifswald.de\/web\/wp-content\/uploads\/2023\/08\/laptop-3087585_1920.jpg\" class=\"attachment-full size-full wp-image-15163\" alt=\"\" srcset=\"https:\/\/humboldt-greifswald.de\/web\/wp-content\/uploads\/2023\/08\/laptop-3087585_1920.jpg 1920w, https:\/\/humboldt-greifswald.de\/web\/wp-content\/uploads\/2023\/08\/laptop-3087585_1920-300x200.jpg 300w, https:\/\/humboldt-greifswald.de\/web\/wp-content\/uploads\/2023\/08\/laptop-3087585_1920-1024x683.jpg 1024w, https:\/\/humboldt-greifswald.de\/web\/wp-content\/uploads\/2023\/08\/laptop-3087585_1920-768x512.jpg 768w, https:\/\/humboldt-greifswald.de\/web\/wp-content\/uploads\/2023\/08\/laptop-3087585_1920-1536x1024.jpg 1536w, https:\/\/humboldt-greifswald.de\/web\/wp-content\/uploads\/2023\/08\/laptop-3087585_1920-600x400.jpg 600w\" sizes=\"(max-width: 1920px) 100vw, 1920px\" \/><\/figure><div class=\"elementor-image-box-content\"><h3 class=\"elementor-image-box-title\">Zuk\u00fcnftige Juniorstudierende gesucht!<\/h3><\/div><\/div>\t\t\t\t<\/div>\n\t\t\t\t<\/div>\n\t\t\t\t<div class=\"elementor-element elementor-element-92ef314 elementor-widget elementor-widget-text-editor\" data-id=\"92ef314\" data-element_type=\"widget\" data-e-type=\"widget\" data-widget_type=\"text-editor.default\">\n\t\t\t\t<div class=\"elementor-widget-container\">\n\t\t\t\t\t\t\t\t\t<p>Seid ihr Sch\u00fcler*innen der 9. oder 10. Klasse und m\u00f6chtet schon einmal ins Studium einer Universit\u00e4t reinschnuppern???<\/p>\n<p>Dann meldet euch am Anfang des Schuljahres bei mir.<\/p>\n<p>Ihr habt zwei M\u00f6glichkeiten:<\/p>\n<ol>\n<li>ein Online-Studium an der Rostocker Uni &#8211; Weitere Infos unter dem Link ganz unten<\/li>\n<li>ein Direkt-Studium an der Greifswalder Uni &#8211; Absprachen und Anmeldung mit den unten bereitgestellten Formularen nur \u00fcber Frau Rohr<\/li>\n<\/ol>\n<p>Sich ein Semester lang wie ein*e Student*in f\u00fchlen?<\/p>\n<p>Eine Fortsetzung (Belegung weiterer Semester) ist m\u00f6glich.<\/p>\n<p>So habt ihr die M\u00f6glichkeit, in verschiedene Fachrichtungen hinein zu schnuppern und euch f\u00e4llt die Wahl des Studienfaches nach dem Abitur leichter.<\/p>\n<p>Ich freue mich auf euch. Bei weiteren Fragen k\u00f6nnt ihr mich gern anschreiben:<\/p>\n<p><a href=\"mailto:rohr@humboldt-greifswald.de\">rohr@humboldt-greifswald.de<\/a><\/p>\n<p style=\"text-align: right;\">Conny Rohr<\/p>\t\t\t\t\t\t\t\t<\/div>\n\t\t\t\t<\/div>\n\t\t\t\t<div class=\"elementor-element elementor-element-28a99a2 elementor-position-inline-start elementor-view-default elementor-mobile-position-block-start elementor-widget elementor-widget-icon-box\" data-id=\"28a99a2\" data-element_type=\"widget\" data-e-type=\"widget\" data-widget_type=\"icon-box.default\">\n\t\t\t\t<div class=\"elementor-widget-container\">\n\t\t\t\t\t\t\t<div class=\"elementor-icon-box-wrapper\">\n\n\t\t\t\t\t\t<div class=\"elementor-icon-box-icon\">\n\t\t\t\t<a href=\"https:\/\/humboldt-greifswald.de\/web\/wp-content\/uploads\/2025\/07\/Termine-Junior-WS2025_26_Termine_QR.pdf\" class=\"elementor-icon\" tabindex=\"-1\" aria-label=\"Termine zum Wintersemester 2025\/26\">\n\t\t\t\t<i aria-hidden=\"true\" class=\"far fa-calendar-check\"><\/i>\t\t\t\t<\/a>\n\t\t\t<\/div>\n\t\t\t\n\t\t\t\t\t\t<div class=\"elementor-icon-box-content\">\n\n\t\t\t\t\t\t\t\t\t<h3 class=\"elementor-icon-box-title\">\n\t\t\t\t\t\t<a href=\"https:\/\/humboldt-greifswald.de\/web\/wp-content\/uploads\/2025\/07\/Termine-Junior-WS2025_26_Termine_QR.pdf\" >\n\t\t\t\t\t\t\tTermine zum Wintersemester 2025\/26\t\t\t\t\t\t<\/a>\n\t\t\t\t\t<\/h3>\n\t\t\t\t\n\t\t\t\t\n\t\t\t<\/div>\n\t\t\t\n\t\t<\/div>\n\t\t\t\t\t\t<\/div>\n\t\t\t\t<\/div>\n\t\t\t\t<div class=\"elementor-element elementor-element-0a3aacb elementor-widget elementor-widget-heading\" data-id=\"0a3aacb\" data-element_type=\"widget\" data-e-type=\"widget\" data-widget_type=\"heading.default\">\n\t\t\t\t<div class=\"elementor-widget-container\">\n\t\t\t\t\t<h2 class=\"elementor-heading-title elementor-size-default\">Wichtige Dokumente und Formbl\u00e4tter f\u00fcr das Juniorstudium<\/h2>\t\t\t\t<\/div>\n\t\t\t\t<\/div>\n\t\t\t\t<div class=\"elementor-element elementor-element-b9311a6 elementor-icon-list--layout-traditional elementor-list-item-link-full_width elementor-widget elementor-widget-icon-list\" data-id=\"b9311a6\" data-element_type=\"widget\" data-e-type=\"widget\" data-widget_type=\"icon-list.default\">\n\t\t\t\t<div class=\"elementor-widget-container\">\n\t\t\t\t\t\t\t<ul class=\"elementor-icon-list-items\">\n\t\t\t\t\t\t\t<li class=\"elementor-icon-list-item\">\n\t\t\t\t\t\t\t\t\t\t\t<a href=\"https:\/\/humboldt-greifswald.de\/web\/wp-content\/uploads\/2025\/07\/Guide-Einschreibung_WS2025_26.pdf\">\n\n\t\t\t\t\t\t\t\t\t\t\t\t<span class=\"elementor-icon-list-icon\">\n\t\t\t\t\t\t\t<i aria-hidden=\"true\" class=\"fas fa-check\"><\/i>\t\t\t\t\t\t<\/span>\n\t\t\t\t\t\t\t\t\t\t<span class=\"elementor-icon-list-text\">Guide zur Einschreibung f\u00fcr das Wintersemester 2025\/26<\/span>\n\t\t\t\t\t\t\t\t\t\t\t<\/a>\n\t\t\t\t\t\t\t\t\t<\/li>\n\t\t\t\t\t\t\t\t<li class=\"elementor-icon-list-item\">\n\t\t\t\t\t\t\t\t\t\t\t<a href=\"https:\/\/humboldt-greifswald.de\/web\/wp-content\/uploads\/2025\/07\/Einschreibeformular_WS_2025_26.pdf\" target=\"_blank\" rel=\"nofollow\">\n\n\t\t\t\t\t\t\t\t\t\t\t\t<span class=\"elementor-icon-list-icon\">\n\t\t\t\t\t\t\t<i aria-hidden=\"true\" class=\"far fa-file\"><\/i>\t\t\t\t\t\t<\/span>\n\t\t\t\t\t\t\t\t\t\t<span class=\"elementor-icon-list-text\">Einschreibeformular f\u00fcr das Wintersemester 2025\/26<\/span>\n\t\t\t\t\t\t\t\t\t\t\t<\/a>\n\t\t\t\t\t\t\t\t\t<\/li>\n\t\t\t\t\t\t\t\t<li class=\"elementor-icon-list-item\">\n\t\t\t\t\t\t\t\t\t\t\t<a href=\"https:\/\/humboldt-greifswald.de\/web\/wp-content\/uploads\/2023\/08\/Formular-Juniorstudium.odt\" target=\"_blank\" rel=\"nofollow\">\n\n\t\t\t\t\t\t\t\t\t\t\t\t<span class=\"elementor-icon-list-icon\">\n\t\t\t\t\t\t\t<i aria-hidden=\"true\" class=\"far fa-file\"><\/i>\t\t\t\t\t\t<\/span>\n\t\t\t\t\t\t\t\t\t\t<span class=\"elementor-icon-list-text\">Anmeldeformular zum Juniorstudium<\/span>\n\t\t\t\t\t\t\t\t\t\t\t<\/a>\n\t\t\t\t\t\t\t\t\t<\/li>\n\t\t\t\t\t\t\t\t<li class=\"elementor-icon-list-item\">\n\t\t\t\t\t\t\t\t\t\t\t<a href=\"https:\/\/humboldt-greifswald.de\/web\/wp-content\/uploads\/2023\/08\/Antrag_Zulassung_Gasthoerer.pdf\" target=\"_blank\" rel=\"nofollow\">\n\n\t\t\t\t\t\t\t\t\t\t\t\t<span class=\"elementor-icon-list-icon\">\n\t\t\t\t\t\t\t<i aria-hidden=\"true\" class=\"far fa-file-pdf\"><\/i>\t\t\t\t\t\t<\/span>\n\t\t\t\t\t\t\t\t\t\t<span class=\"elementor-icon-list-text\">Antrag auf Zulassung als Gasth\u00f6rer*in an der Universit\u00e4t Greifswald<\/span>\n\t\t\t\t\t\t\t\t\t\t\t<\/a>\n\t\t\t\t\t\t\t\t\t<\/li>\n\t\t\t\t\t\t\t\t<li class=\"elementor-icon-list-item\">\n\t\t\t\t\t\t\t\t\t\t\t<a href=\"https:\/\/humboldt-greifswald.de\/web\/wp-content\/uploads\/2023\/08\/Freistellung-Juniorstudium.odt\" target=\"_blank\" rel=\"nofollow\">\n\n\t\t\t\t\t\t\t\t\t\t\t\t<span class=\"elementor-icon-list-icon\">\n\t\t\t\t\t\t\t<i aria-hidden=\"true\" class=\"far fa-file\"><\/i>\t\t\t\t\t\t<\/span>\n\t\t\t\t\t\t\t\t\t\t<span class=\"elementor-icon-list-text\">Antrag auf Freistellung von Unterricht f\u00fcr das Juniorstudium<\/span>\n\t\t\t\t\t\t\t\t\t\t\t<\/a>\n\t\t\t\t\t\t\t\t\t<\/li>\n\t\t\t\t\t\t<\/ul>\n\t\t\t\t\t\t<\/div>\n\t\t\t\t<\/div>\n\t\t\t\t<div class=\"elementor-element elementor-element-2cfb15a elementor-position-inline-start elementor-view-default elementor-mobile-position-block-start elementor-widget elementor-widget-icon-box\" data-id=\"2cfb15a\" data-element_type=\"widget\" data-e-type=\"widget\" data-widget_type=\"icon-box.default\">\n\t\t\t\t<div class=\"elementor-widget-container\">\n\t\t\t\t\t\t\t<div class=\"elementor-icon-box-wrapper\">\n\n\t\t\t\t\t\t<div class=\"elementor-icon-box-icon\">\n\t\t\t\t<a href=\"https:\/\/www.uni-rostock.de\/studium\/studienorientierung\/juniorstudium\/\" class=\"elementor-icon\" tabindex=\"-1\" aria-label=\"Infoseite zum Juniorstudium der Uni Rostock\">\n\t\t\t\t<i aria-hidden=\"true\" class=\"fas fa-external-link-alt\"><\/i>\t\t\t\t<\/a>\n\t\t\t<\/div>\n\t\t\t\n\t\t\t\t\t\t<div class=\"elementor-icon-box-content\">\n\n\t\t\t\t\t\t\t\t\t<h3 class=\"elementor-icon-box-title\">\n\t\t\t\t\t\t<a href=\"https:\/\/www.uni-rostock.de\/studium\/studienorientierung\/juniorstudium\/\" >\n\t\t\t\t\t\t\tInfoseite zum Juniorstudium der Uni Rostock\t\t\t\t\t\t<\/a>\n\t\t\t\t\t<\/h3>\n\t\t\t\t\n\t\t\t\t\n\t\t\t<\/div>\n\t\t\t\n\t\t<\/div>\n\t\t\t\t\t\t<\/div>\n\t\t\t\t<\/div>\n\t\t\t\t\t<\/div>\n\t\t\t\t<\/div>\n\t\t\t\t<\/div>\n\t\t","protected":false},"excerpt":{"rendered":"<p>Zuk\u00fcnftige Juniorstudierende gesucht! Seid ihr Sch\u00fcler*innen der 9. oder 10. Klasse und m\u00f6chtet schon einmal ins Studium einer Universit\u00e4t reinschnuppern??? Dann meldet euch am Anfang des Schuljahres bei mir. Ihr habt zwei M\u00f6glichkeiten: ein Online-Studium an der Rostocker Uni &#8211; &hellip; <\/p>\n","protected":false},"author":1,"featured_media":15163,"parent":0,"menu_order":0,"comment_status":"closed","ping_status":"closed","template":"","meta":{"footnotes":""},"class_list":["post-15172","page","type-page","status-publish","has-post-thumbnail","hentry"],"_links":{"self":[{"href":"https:\/\/humboldt-greifswald.de\/web\/wp-json\/wp\/v2\/pages\/15172","targetHints":{"allow":["GET"]}}],"collection":[{"href":"https:\/\/humboldt-greifswald.de\/web\/wp-json\/wp\/v2\/pages"}],"about":[{"href":"https:\/\/humboldt-greifswald.de\/web\/wp-json\/wp\/v2\/types\/page"}],"author":[{"embeddable":true,"href":"https:\/\/humboldt-greifswald.de\/web\/wp-json\/wp\/v2\/users\/1"}],"replies":[{"embeddable":true,"href":"https:\/\/humboldt-greifswald.de\/web\/wp-json\/wp\/v2\/comments?post=15172"}],"version-history":[{"count":37,"href":"https:\/\/humboldt-greifswald.de\/web\/wp-json\/wp\/v2\/pages\/15172\/revisions"}],"predecessor-version":[{"id":16040,"href":"https:\/\/humboldt-greifswald.de\/web\/wp-json\/wp\/v2\/pages\/15172\/revisions\/16040"}],"wp:featuredmedia":[{"embeddable":true,"href":"https:\/\/humboldt-greifswald.de\/web\/wp-json\/wp\/v2\/media\/15163"}],"wp:attachment":[{"href":"https:\/\/humboldt-greifswald.de\/web\/wp-json\/wp\/v2\/media?parent=15172"}],"curies":[{"name":"wp","href":"https:\/\/api.w.org\/{rel}","templated":true}]}}