{"id":16323,"date":"2026-03-23T12:26:32","date_gmt":"2026-03-23T11:26:32","guid":{"rendered":"https:\/\/humboldt-greifswald.de\/web\/?page_id=16323"},"modified":"2026-04-01T15:10:38","modified_gmt":"2026-04-01T13:10:38","slug":"ticketbestellung-fuer-unser-alumni-treffen","status":"publish","type":"page","link":"https:\/\/humboldt-greifswald.de\/web\/ticketbestellung-fuer-unser-alumni-treffen\/","title":{"rendered":"Ticketbestellung f\u00fcr unser Alumni-Treffen"},"content":{"rendered":"\n<p>Wir freuen uns sehr \u00fcber Ihr Interesse an unserem Alumni-Treffen!<br>Weiter unten k\u00f6nnen Sie Ihre pers\u00f6nlichen Tickets ganz bequem \u00fcber das Formular bestellen.<br>Bitte beachten Sie dazu die folgenden Hinweise:<\/p>\n\n\n\n<p><strong>Bestellinformationen<\/strong><\/p>\n\n\n\n<ul class=\"wp-block-list\">\n<li>Der Ticketpreis betr\u00e4gt <strong>40,00 EUR pro Ticket<\/strong> und umfasst <strong>Party und Buffet<\/strong>.<\/li>\n\n\n\n<li>Ort: Neue Mensa Greifswald, Einlass ab 18 Uhr, Beginn 19.00 Uhr<\/li>\n\n\n\n<li>Die Bestellung erfolgt \u00fcber das nachfolgende Formular. Bitte tragen Sie dort je nach Anzahl der gew\u00fcnschten Tickets die Namen der G\u00e4ste ein.<\/li>\n\n\n\n<li>Nach Eingang Ihrer Bestellung erhalten Sie eine <strong>Zahlungsaufforderung<\/strong> an die angegebene E-Mail-Adresse.<\/li>\n\n\n\n<li>Die Tickets enthalten den <strong>Namen des Bestellers<\/strong>, die <strong>zus\u00e4tzlich gebuchten Personen<\/strong> sowie eine <strong>Ticketnummer<\/strong>.<\/li>\n\n\n\n<li>Der Einlass erfolgt <strong>nur mit digitalem Nachweis<\/strong>; der Besteller muss beim Einlass <strong>einen Ausweis vorlegen.<\/strong><\/li>\n\n\n\n<li>Eine <strong>Abendkasse<\/strong> wird es nicht geben. Bereits bestellte Tickets sind von der <strong>R\u00fcckgabe ausgeschlossen<\/strong>.<\/li>\n\n\n\n<li>Wir bitten Sie, aus organisatorischen Gr\u00fcnden zwischen elektronischer Bestellung und \u00dcberweisung <strong>maximal 21 Tage<\/strong> verstreichen zu lassen.<\/li>\n\n\n\n<li>Die Zahl der Tickets ist auf <strong>400 St\u00fcck begrenzt<\/strong>.<\/li>\n\n\n\n<li>Bestellungen sind bis einschlie\u00dflich <strong>31.07.2026<\/strong> m\u00f6glich.<\/li>\n\n\n\n<li>Verbleibende Resttickets werden anschlie\u00dfend gesondert auf der Homepage ausgeschrieben.<\/li>\n<\/ul>\n\n\n\n<p><strong>Spenden<\/strong><br>Wenn Sie unser Alumni-Treffen dar\u00fcber hinaus unterst\u00fctzen m\u00f6chten, freuen wir uns auch sehr \u00fcber eine Spende!<\/p>\n\n\n\n<p><strong>Empf\u00e4nger:<\/strong> Alexander-von-Humboldt-Gymnasium<br><strong>IBAN:<\/strong> DE40 1505 0500 0102 128910<br><strong>Betreff:<\/strong> Spende Alumni<\/p>\n\n\n<style id=\"wpforms-css-vars-16325\">\n\t\t\t\t#wpforms-16325 {\n\t\t\t\t--wpforms-container-padding: 0px;\n--wpforms-container-border-width: 1px;\n--wpforms-container-border-radius: 3px;\n--wpforms-background-color: rgba(0, 0, 0, 0);\n--wpforms-field-size-input-height: 43px;\n--wpforms-field-size-input-spacing: 15px;\n--wpforms-field-size-font-size: 16px;\n--wpforms-field-size-line-height: 19px;\n--wpforms-field-size-padding-h: 14px;\n--wpforms-field-size-checkbox-size: 16px;\n--wpforms-field-size-sublabel-spacing: 5px;\n--wpforms-field-size-icon-size: 1;\n--wpforms-label-size-font-size: 16px;\n--wpforms-label-size-line-height: 19px;\n--wpforms-label-size-sublabel-font-size: 14px;\n--wpforms-label-size-sublabel-line-height: 17px;\n--wpforms-button-size-font-size: 17px;\n--wpforms-button-size-height: 41px;\n--wpforms-button-size-padding-h: 15px;\n--wpforms-button-size-margin-top: 10px;\n--wpforms-container-shadow-size-box-shadow: none;\n\t\t\t}\n\t\t\t<\/style><div class=\"wpforms-container wpforms-container-full wpforms-render-modern\" id=\"wpforms-16325\"><form id=\"wpforms-form-16325\" class=\"wpforms-validate wpforms-form wpforms-ajax-form\" data-formid=\"16325\" method=\"post\" enctype=\"multipart\/form-data\" action=\"\/web\/wp-json\/wp\/v2\/pages\/16323\" data-token=\"e9054d9ac37021db40ec7d9c669dac18\" data-token-time=\"1777387882\"><noscript class=\"wpforms-error-noscript\">Bitte aktiviere JavaScript in deinem Browser, um dieses Formular fertigzustellen.<\/noscript><div id=\"wpforms-error-noscript\" style=\"display: none;\">Bitte aktiviere JavaScript in deinem Browser, um dieses Formular fertigzustellen.<\/div><div class=\"wpforms-field-container\"><div id=\"wpforms-16325-field_2-container\" class=\"wpforms-field wpforms-field-email\" data-field-id=\"2\"><label class=\"wpforms-field-label\" for=\"wpforms-16325-field_2\">E-Mail-Adresse <span class=\"wpforms-required-label\" aria-hidden=\"true\">*<\/span><\/label><input type=\"email\" id=\"wpforms-16325-field_2\" class=\"wpforms-field-medium wpforms-field-required\" name=\"wpforms[fields][2]\" spellcheck=\"false\" aria-errormessage=\"wpforms-16325-field_2-error\" required><\/div>\t\t<div id=\"wpforms-16325-field_4-container\"\n\t\t\tclass=\"wpforms-field wpforms-field-text\"\n\t\t\tdata-field-type=\"text\"\n\t\t\tdata-field-id=\"4\"\n\t\t\t>\n\t\t\t<label class=\"wpforms-field-label\" for=\"wpforms-16325-field_4\" >das das Kenntnisnahme<\/label>\n\t\t\t<input type=\"text\" id=\"wpforms-16325-field_4\" class=\"wpforms-field-medium\" name=\"wpforms[fields][4]\" >\n\t\t<\/div>\n\t\t<div id=\"wpforms-16325-field_1-container\" class=\"wpforms-field wpforms-field-name\" data-field-id=\"1\"><fieldset><legend class=\"wpforms-field-label\">Name des bestellenden Gasts <span class=\"wpforms-required-label\" aria-hidden=\"true\">*<\/span><\/legend><div class=\"wpforms-field-row wpforms-field-medium\"><div class=\"wpforms-field-row-block wpforms-first wpforms-one-half\"><input type=\"text\" id=\"wpforms-16325-field_1\" class=\"wpforms-field-name-first wpforms-field-required\" name=\"wpforms[fields][1][first]\" placeholder=\"Vorname\" aria-errormessage=\"wpforms-16325-field_1-error\" required><label for=\"wpforms-16325-field_1\" class=\"wpforms-field-sublabel after wpforms-sublabel-hide\">Vorname<\/label><\/div><div class=\"wpforms-field-row-block wpforms-one-half\"><input type=\"text\" id=\"wpforms-16325-field_1-last\" class=\"wpforms-field-name-last wpforms-field-required\" name=\"wpforms[fields][1][last]\" placeholder=\"Nachname\" aria-errormessage=\"wpforms-16325-field_1-last-error\" required><label for=\"wpforms-16325-field_1-last\" class=\"wpforms-field-sublabel after wpforms-sublabel-hide\">Nachname<\/label><\/div><\/div><\/fieldset><\/div><div id=\"wpforms-16325-field_3-container\" class=\"wpforms-field wpforms-field-number\" data-field-id=\"3\"><label class=\"wpforms-field-label\" for=\"wpforms-16325-field_3\">Ihr Jahrgang<\/label><input type=\"number\" id=\"wpforms-16325-field_3\" class=\"wpforms-field-medium\" name=\"wpforms[fields][3]\" min=\"1990\" max=\"2025\" step=\"any\" aria-errormessage=\"wpforms-16325-field_3-error\" aria-describedby=\"wpforms-16325-field_3-description\" ><div id=\"wpforms-16325-field_3-description\" class=\"wpforms-field-description\">Zusatzangabe falls Sie Alumni sind: Wann haben Sie das Humboldt-Gymnasium verlassen?<\/div><\/div><div id=\"wpforms-16325-field_5-container\" class=\"wpforms-field wpforms-field-name\" data-field-id=\"5\"><fieldset><legend class=\"wpforms-field-label\">Name f\u00fcr das zweite Ticket<\/legend><div class=\"wpforms-field-row wpforms-field-medium\"><div class=\"wpforms-field-row-block wpforms-first wpforms-one-half\"><input type=\"text\" id=\"wpforms-16325-field_5\" class=\"wpforms-field-name-first\" name=\"wpforms[fields][5][first]\" placeholder=\"Vorname\" aria-errormessage=\"wpforms-16325-field_5-error\" ><label for=\"wpforms-16325-field_5\" class=\"wpforms-field-sublabel after wpforms-sublabel-hide\">Vorname<\/label><\/div><div class=\"wpforms-field-row-block wpforms-one-half\"><input type=\"text\" id=\"wpforms-16325-field_5-last\" class=\"wpforms-field-name-last\" name=\"wpforms[fields][5][last]\" placeholder=\"Nachname\" aria-errormessage=\"wpforms-16325-field_5-last-error\" ><label for=\"wpforms-16325-field_5-last\" class=\"wpforms-field-sublabel after wpforms-sublabel-hide\">Nachname<\/label><\/div><\/div><\/fieldset><\/div><div id=\"wpforms-16325-field_9-container\" class=\"wpforms-field wpforms-field-name\" data-field-id=\"9\"><fieldset><legend class=\"wpforms-field-label\">Name f\u00fcr das dritte Ticket<\/legend><div class=\"wpforms-field-row wpforms-field-medium\"><div class=\"wpforms-field-row-block wpforms-first wpforms-one-half\"><input type=\"text\" id=\"wpforms-16325-field_9\" class=\"wpforms-field-name-first\" name=\"wpforms[fields][9][first]\" placeholder=\"Vorname\" aria-errormessage=\"wpforms-16325-field_9-error\" ><label for=\"wpforms-16325-field_9\" class=\"wpforms-field-sublabel after wpforms-sublabel-hide\">Vorname<\/label><\/div><div class=\"wpforms-field-row-block wpforms-one-half\"><input type=\"text\" id=\"wpforms-16325-field_9-last\" class=\"wpforms-field-name-last\" name=\"wpforms[fields][9][last]\" placeholder=\"Nachname\" aria-errormessage=\"wpforms-16325-field_9-last-error\" ><label for=\"wpforms-16325-field_9-last\" class=\"wpforms-field-sublabel after wpforms-sublabel-hide\">Nachname<\/label><\/div><\/div><\/fieldset><\/div><div id=\"wpforms-16325-field_8-container\" class=\"wpforms-field wpforms-field-name\" data-field-id=\"8\"><fieldset><legend class=\"wpforms-field-label\">Name f\u00fcr das vierte Ticket<\/legend><div class=\"wpforms-field-row wpforms-field-medium\"><div class=\"wpforms-field-row-block wpforms-first wpforms-one-half\"><input type=\"text\" id=\"wpforms-16325-field_8\" class=\"wpforms-field-name-first\" name=\"wpforms[fields][8][first]\" placeholder=\"Vorname\" aria-errormessage=\"wpforms-16325-field_8-error\" ><label for=\"wpforms-16325-field_8\" class=\"wpforms-field-sublabel after wpforms-sublabel-hide\">Vorname<\/label><\/div><div class=\"wpforms-field-row-block wpforms-one-half\"><input type=\"text\" id=\"wpforms-16325-field_8-last\" class=\"wpforms-field-name-last\" name=\"wpforms[fields][8][last]\" placeholder=\"Nachname\" aria-errormessage=\"wpforms-16325-field_8-last-error\" ><label for=\"wpforms-16325-field_8-last\" class=\"wpforms-field-sublabel after wpforms-sublabel-hide\">Nachname<\/label><\/div><\/div><\/fieldset><\/div><div id=\"wpforms-16325-field_7-container\" class=\"wpforms-field wpforms-field-name\" data-field-id=\"7\"><fieldset><legend class=\"wpforms-field-label\">Name f\u00fcr das f\u00fcnfte Ticket<\/legend><div class=\"wpforms-field-row wpforms-field-medium\"><div class=\"wpforms-field-row-block wpforms-first wpforms-one-half\"><input type=\"text\" id=\"wpforms-16325-field_7\" class=\"wpforms-field-name-first\" name=\"wpforms[fields][7][first]\" placeholder=\"Vorname\" aria-errormessage=\"wpforms-16325-field_7-error\" ><label for=\"wpforms-16325-field_7\" class=\"wpforms-field-sublabel after wpforms-sublabel-hide\">Vorname<\/label><\/div><div class=\"wpforms-field-row-block wpforms-one-half\"><input type=\"text\" id=\"wpforms-16325-field_7-last\" class=\"wpforms-field-name-last\" name=\"wpforms[fields][7][last]\" placeholder=\"Nachname\" aria-errormessage=\"wpforms-16325-field_7-last-error\" ><label for=\"wpforms-16325-field_7-last\" class=\"wpforms-field-sublabel after wpforms-sublabel-hide\">Nachname<\/label><\/div><\/div><\/fieldset><\/div><div id=\"wpforms-16325-field_10-container\" class=\"wpforms-field wpforms-field-textarea\" data-field-id=\"10\"><label class=\"wpforms-field-label\" for=\"wpforms-16325-field_10\">Anmerkungen<\/label><textarea id=\"wpforms-16325-field_10\" class=\"wpforms-field-medium\" name=\"wpforms[fields][10]\" aria-errormessage=\"wpforms-16325-field_10-error\" aria-describedby=\"wpforms-16325-field_10-description\" ><\/textarea><div id=\"wpforms-16325-field_10-description\" class=\"wpforms-field-description\">Bitte nutzen Sie dieses Feld auch f\u00fcr den Fall, dass Sie mehr als f\u00fcnf Tickets bestellen m\u00f6chten und geben die weiteren Namen hier an.<\/div><\/div><div id=\"wpforms-16325-field_11-container\" class=\"wpforms-field wpforms-field-checkbox\" data-field-id=\"11\"><fieldset><legend class=\"wpforms-field-label\">Best\u00e4tigung der Ticketanzahl <span class=\"wpforms-required-label\" aria-hidden=\"true\">*<\/span><\/legend><ul id=\"wpforms-16325-field_11\" class=\"wpforms-field-required\"><li class=\"choice-1 depth-1\"><input type=\"checkbox\" id=\"wpforms-16325-field_11_1\" name=\"wpforms[fields][11][]\" value=\"Ich m\u00f6chte Tickets f\u00fcr alle im Formular namentlich angegebenen Personen buchen.\" aria-errormessage=\"wpforms-16325-field_11_1-error\" required ><label class=\"wpforms-field-label-inline\" for=\"wpforms-16325-field_11_1\">Ich m\u00f6chte Tickets f\u00fcr alle im Formular namentlich angegebenen Personen buchen.<\/label><\/li><\/ul><\/fieldset><\/div><div id=\"wpforms-16325-field_13-container\" class=\"wpforms-field wpforms-field-checkbox\" data-field-id=\"13\"><fieldset><legend class=\"wpforms-field-label\">Kenntnisnahme der Bestellinformationen <span class=\"wpforms-required-label\" aria-hidden=\"true\">*<\/span><\/legend><ul id=\"wpforms-16325-field_13\" class=\"wpforms-field-required\"><li class=\"choice-1 depth-1\"><input type=\"checkbox\" id=\"wpforms-16325-field_13_1\" name=\"wpforms[fields][13][]\" value=\"Ich bin mit den o.g. Rahmenbedingungen einverstanden (u.a. R\u00fcckgabe ausgeschlossen, Einlass nur mit digitalem Nachweis und nach Ausweiskontrolle).\" aria-errormessage=\"wpforms-16325-field_13_1-error\" required ><label class=\"wpforms-field-label-inline\" for=\"wpforms-16325-field_13_1\">Ich bin mit den o.g. Rahmenbedingungen einverstanden (u.a. R\u00fcckgabe ausgeschlossen, Einlass nur mit digitalem Nachweis und nach Ausweiskontrolle).<\/label><\/li><\/ul><\/fieldset><\/div><div id=\"wpforms-16325-field_12-container\" class=\"wpforms-field wpforms-field-gdpr-checkbox\" data-field-id=\"12\"><label class=\"wpforms-field-label\">Datenschutz <span class=\"wpforms-required-label\" aria-hidden=\"true\">*<\/span><\/label><ul id=\"wpforms-16325-field_12\" class=\"wpforms-field-required\"><li class=\"choice-1\"><input type=\"checkbox\" id=\"wpforms-16325-field_12_1\" name=\"wpforms[fields][12][]\" value=\"Ich stimme der Verarbeitung meiner Daten durch diese Website und das Alexander-von-Humboldt-Gymnasium zu, damit meine Bestellung bearbeitet werden kann.\" aria-errormessage=\"wpforms-16325-field_12_1-error\" required ><label class=\"wpforms-field-label-inline\" for=\"wpforms-16325-field_12_1\">Ich stimme der Verarbeitung meiner Daten durch diese Website und das Alexander-von-Humboldt-Gymnasium zu, damit meine Bestellung bearbeitet werden kann.<\/label><\/li><\/ul><\/div><script>\n\t\t\t\t( function() {\n\t\t\t\t\tconst style = document.createElement( 'style' );\n\t\t\t\t\tstyle.appendChild( document.createTextNode( '#wpforms-16325-field_4-container { position: absolute !important; overflow: hidden !important; display: inline !important; height: 1px !important; width: 1px !important; z-index: -1000 !important; padding: 0 !important; } #wpforms-16325-field_4-container input { visibility: hidden; } #wpforms-conversational-form-page #wpforms-16325-field_4-container label { counter-increment: none; }' ) );\n\t\t\t\t\tdocument.head.appendChild( style );\n\t\t\t\t\tdocument.currentScript?.remove();\n\t\t\t\t} )();\n\t\t\t<\/script><\/div><!-- .wpforms-field-container --><div class=\"wpforms-submit-container\" ><input type=\"hidden\" name=\"wpforms[id]\" value=\"16325\"><input type=\"hidden\" name=\"page_title\" value=\"\"><input type=\"hidden\" name=\"page_url\" value=\"https:\/\/humboldt-greifswald.de\/web\/wp-json\/wp\/v2\/pages\/16323\"><input type=\"hidden\" name=\"url_referer\" value=\"\"><button type=\"submit\" name=\"wpforms[submit]\" id=\"wpforms-submit-16325\" class=\"wpforms-submit\" data-alt-text=\"Sending...\" data-submit-text=\"Submit\" aria-live=\"assertive\" value=\"wpforms-submit\">Submit<\/button><img decoding=\"async\" src=\"https:\/\/humboldt-greifswald.de\/web\/wp-content\/plugins\/wpforms-lite\/assets\/images\/submit-spin.svg\" class=\"wpforms-submit-spinner\" style=\"display: none;\" width=\"26\" height=\"26\" alt=\"Wird geladen\"><\/div><\/form><\/div>  <!-- .wpforms-container -->\n","protected":false},"excerpt":{"rendered":"<p>Wir freuen uns sehr \u00fcber Ihr Interesse an unserem Alumni-Treffen!Weiter unten k\u00f6nnen Sie Ihre pers\u00f6nlichen Tickets ganz bequem \u00fcber das Formular bestellen.Bitte beachten Sie dazu die folgenden Hinweise: Bestellinformationen SpendenWenn Sie unser Alumni-Treffen dar\u00fcber hinaus unterst\u00fctzen m\u00f6chten, freuen wir uns &hellip; <\/p>\n","protected":false},"author":1,"featured_media":0,"parent":0,"menu_order":0,"comment_status":"closed","ping_status":"closed","template":"","meta":{"footnotes":""},"class_list":["post-16323","page","type-page","status-publish","hentry"],"_links":{"self":[{"href":"https:\/\/humboldt-greifswald.de\/web\/wp-json\/wp\/v2\/pages\/16323","targetHints":{"allow":["GET"]}}],"collection":[{"href":"https:\/\/humboldt-greifswald.de\/web\/wp-json\/wp\/v2\/pages"}],"about":[{"href":"https:\/\/humboldt-greifswald.de\/web\/wp-json\/wp\/v2\/types\/page"}],"author":[{"embeddable":true,"href":"https:\/\/humboldt-greifswald.de\/web\/wp-json\/wp\/v2\/users\/1"}],"replies":[{"embeddable":true,"href":"https:\/\/humboldt-greifswald.de\/web\/wp-json\/wp\/v2\/comments?post=16323"}],"version-history":[{"count":5,"href":"https:\/\/humboldt-greifswald.de\/web\/wp-json\/wp\/v2\/pages\/16323\/revisions"}],"predecessor-version":[{"id":16347,"href":"https:\/\/humboldt-greifswald.de\/web\/wp-json\/wp\/v2\/pages\/16323\/revisions\/16347"}],"wp:attachment":[{"href":"https:\/\/humboldt-greifswald.de\/web\/wp-json\/wp\/v2\/media?parent=16323"}],"curies":[{"name":"wp","href":"https:\/\/api.w.org\/{rel}","templated":true}]}}